{"id":933,"date":"2017-06-30T15:25:50","date_gmt":"2017-06-30T18:25:50","guid":{"rendered":"http:\/\/www.thiagodealmeida.com.br\/site\/?page_id=933"},"modified":"2019-10-01T22:25:34","modified_gmt":"2019-10-02T01:25:34","slug":"cursos-online","status":"publish","type":"page","link":"https:\/\/www.thiagodealmeida.com.br\/site\/cursos-online\/","title":{"rendered":"Cursos online"},"content":{"rendered":"<h2>Cursos online com certifica\u00e7\u00e3o digital reconhecida pelo MEC<\/h2>\n<p>&nbsp;<\/p>\n<p>Se voc\u00ea \u00e9 um interessado em estudar e conhecer mais essa interessante ci\u00eancia que \u00e9 a Psicologia INDEPENDENTEMENTE DE SER aluno de cursos de Psicologia, Pedagogia ou afins e precisa complementar seus cr\u00e9ditos, participando de cursos e palestras, agora poder\u00e1 faz\u00ea-lo na comodidade da sua casa. Se quiser incrementar o seu curr\u00edculo e se destacar no mercado profissional, est\u00e1 tamb\u00e9m \u00e9 uma boa dica. E voc\u00ea ainda ter\u00e1 a vantagem de disponibilizar ensino a dist\u00e2ncia de qualidade atrav\u00e9s de cursos online que podem ser feitos totalmente pela internet, 24 horas por dia, 7 dias por semana. Para tal, basta acessar os links e cursar cada um dos diversos cursos a sua escolha:<\/p>\n<p>&nbsp;<\/p>\n<ul>\n<li><a href=\"https:\/\/www.buzzero.com\/outros-cursos-online\/curso-online-apaixonamento-e-enamoramento---somente-um-bom-inicio-e-responsavel-pela-manutencao-da-uniao_24242?a=thiago-almeida&amp;keep=true\"><b><span id=\"ctl00_MainContent_tabControlPanel_tabBuzzList_buzzList1_BuzzInfo24242_lblBuzzTitle\">Apaixonamento e Enamoramento &#8211; Somente um bom in\u00edcio \u00e9 respons\u00e1vel pela manuten\u00e7\u00e3o da uni\u00e3o?<\/span><\/b><\/a><\/li>\n<li><a href=\"https:\/\/www.buzzero.com\/cursos-online-de-ciencias-humanas\/cursos-de-psicologia\/curso-online-modelo-bioecologico-do-desenvolvimento-de-bronfenbrenner_24243?a=thiago-almeida&amp;keep=true\"><strong><span id=\"ctl00_MainContent_tabControlPanel_tabBuzzList_buzzList1_BuzzInfo24243_lblBuzzTitle\">Modelo Bioecol\u00f3gico do Desenvolvimento de Bronfenbrenner<\/span><\/strong><\/a><\/li>\n<li><a href=\"https:\/\/www.buzzero.com\/cursos-online-de-ciencias-humanas\/cursos-de-psicologia\/curso-online-piaget-e-a-teoria-psicogenetica_24244?a=thiago-almeida&amp;keep=true\"><strong><span id=\"ctl00_MainContent_tabControlPanel_tabBuzzList_buzzList1_BuzzInfo24244_lblBuzzTitle\">Piaget e a teoria psicogen\u00e9tica<\/span><\/strong><\/a><\/li>\n<li><a href=\"https:\/\/www.buzzero.com\/cursos-online-de-ciencias-humanas\/cursos-de-psicologia\/curso-online-john-bowlby-e-a-teoria-do-apego_24247?a=thiago-almeida&amp;keep=true\"><strong><span id=\"ctl00_MainContent_tabControlPanel_tabBuzzList_buzzList1_BuzzInfo24247_lblBuzzTitle\">John Bowlby e a Teoria do Apego<\/span><\/strong><\/a><\/li>\n<li><a href=\"https:\/\/www.buzzero.com\/cursos-online-de-ciencias-humanas\/cursos-de-psicologia\/curso-online-a-teoria-do-desenvolvimento-humano-segundo-erik-erikson_24271?a=thiago-almeida&amp;keep=true\"><strong><span id=\"ctl00_MainContent_tabControlPanel_tabBuzzList_buzzList1_BuzzInfo24271_lblBuzzTitle\">A teoria do desenvolvimento humano segundo Erik Erikson<\/span><\/strong><\/a><\/li>\n<li><a href=\"https:\/\/www.buzzero.com\/cursos-online-de-ciencias-humanas\/cursos-de-psicologia\/curso-online-problemas-de-aprendizagem_24277?a=thiago-almeida&amp;keep=true\"><strong><span id=\"ctl00_MainContent_tabControlPanel_tabBuzzList_buzzList1_BuzzInfo24277_lblBuzzTitle\">Problemas de aprendizagem<\/span><\/strong><\/a><\/li>\n<li><a href=\"https:\/\/www.buzzero.com\/cursos-online-de-ciencias-humanas\/cursos-de-psicologia\/curso-online-a-teoria-do-desenvolvimento-segundo-wallon_24278?a=thiago-almeida&amp;keep=true\"><b><span id=\"ctl00_MainContent_tabControlPanel_tabBuzzList_buzzList1_BuzzInfo24278_lblBuzzTitle\">A teoria do desenvolvimento segundo Wallon<\/span><\/b><\/a><\/li>\n<\/ul>\n<p>&nbsp;<\/p>\n<p>&nbsp;<\/p>\n<p>&nbsp;<\/p>\n","protected":false},"excerpt":{"rendered":"<p>Cursos online com certifica\u00e7\u00e3o digital reconhecida pelo MEC &nbsp; Se voc\u00ea \u00e9 um interessado em estudar e conhecer mais essa interessante ci\u00eancia que \u00e9 a Psicologia INDEPENDENTEMENTE DE SER aluno de cursos de Psicologia, Pedagogia ou afins e precisa complementar seus cr\u00e9ditos, participando de cursos e palestras, agora poder\u00e1 faz\u00ea-lo na comodidade da sua casa. [&hellip;]<\/p>\n","protected":false},"author":1,"featured_media":0,"parent":0,"menu_order":0,"comment_status":"closed","ping_status":"closed","template":"","meta":{"footnotes":""},"class_list":["post-933","page","type-page","status-publish","hentry"],"_links":{"self":[{"href":"https:\/\/www.thiagodealmeida.com.br\/site\/wp-json\/wp\/v2\/pages\/933","targetHints":{"allow":["GET"]}}],"collection":[{"href":"https:\/\/www.thiagodealmeida.com.br\/site\/wp-json\/wp\/v2\/pages"}],"about":[{"href":"https:\/\/www.thiagodealmeida.com.br\/site\/wp-json\/wp\/v2\/types\/page"}],"author":[{"embeddable":true,"href":"https:\/\/www.thiagodealmeida.com.br\/site\/wp-json\/wp\/v2\/users\/1"}],"replies":[{"embeddable":true,"href":"https:\/\/www.thiagodealmeida.com.br\/site\/wp-json\/wp\/v2\/comments?post=933"}],"version-history":[{"count":6,"href":"https:\/\/www.thiagodealmeida.com.br\/site\/wp-json\/wp\/v2\/pages\/933\/revisions"}],"predecessor-version":[{"id":1536,"href":"https:\/\/www.thiagodealmeida.com.br\/site\/wp-json\/wp\/v2\/pages\/933\/revisions\/1536"}],"wp:attachment":[{"href":"https:\/\/www.thiagodealmeida.com.br\/site\/wp-json\/wp\/v2\/media?parent=933"}],"curies":[{"name":"wp","href":"https:\/\/api.w.org\/{rel}","templated":true}]}}