{"id":890,"date":"2017-05-04T21:06:56","date_gmt":"2017-05-05T00:06:56","guid":{"rendered":"http:\/\/www.thiagodealmeida.com.br\/site\/?page_id=890"},"modified":"2024-10-17T22:53:52","modified_gmt":"2024-10-18T01:53:52","slug":"orientacao-psicologica-online","status":"publish","type":"page","link":"https:\/\/www.thiagodealmeida.com.br\/site\/orientacao-psicologica-online\/","title":{"rendered":"Orienta\u00e7\u00e3o psicol\u00f3gica Online"},"content":{"rendered":"<h2>Atendimento Psicoter\u00e1pico Online &#8211; Agende J\u00e1 a sua sess\u00e3o<\/h2>\n\n<div class=\"wpcf7 no-js\" id=\"wpcf7-f1541-o1\" lang=\"pt-BR\" dir=\"ltr\" data-wpcf7-id=\"1541\">\n<div class=\"screen-reader-response\"><p role=\"status\" aria-live=\"polite\" aria-atomic=\"true\"><\/p> <ul><\/ul><\/div>\n<form action=\"\/site\/wp-json\/wp\/v2\/pages\/890#wpcf7-f1541-o1\" method=\"post\" class=\"wpcf7-form init\" aria-label=\"Formul\u00e1rios de contato\" novalidate=\"novalidate\" data-status=\"init\">\n<fieldset class=\"hidden-fields-container\"><input type=\"hidden\" name=\"_wpcf7\" value=\"1541\" \/><input type=\"hidden\" name=\"_wpcf7_version\" value=\"6.1.5\" \/><input type=\"hidden\" name=\"_wpcf7_locale\" value=\"pt_BR\" \/><input type=\"hidden\" name=\"_wpcf7_unit_tag\" value=\"wpcf7-f1541-o1\" \/><input type=\"hidden\" name=\"_wpcf7_container_post\" value=\"0\" \/><input type=\"hidden\" name=\"_wpcf7_posted_data_hash\" value=\"\" \/>\n<\/fieldset>\n<p><label> Seu nome (obrigat\u00f3rio)<br \/>\n<span class=\"wpcf7-form-control-wrap\" data-name=\"Nome\"><input size=\"40\" maxlength=\"400\" class=\"wpcf7-form-control wpcf7-text wpcf7-validates-as-required form-control\" aria-required=\"true\" aria-invalid=\"false\" value=\"\" type=\"text\" name=\"Nome\" \/><\/span> <\/label>\n<\/p>\n<p><label> Seu telefone para podermos entrar em contato, se preferir<br \/>\n<span class=\"wpcf7-form-control-wrap\" data-name=\"Nome\"><input size=\"40\" maxlength=\"400\" class=\"wpcf7-form-control wpcf7-text wpcf7-validates-as-required form-control\" aria-required=\"true\" aria-invalid=\"false\" value=\"\" type=\"text\" name=\"Nome\" \/><\/span> <\/label>\n<\/p>\n<p><label> Seu e-mail (obrigat\u00f3rio)<br \/>\n<span class=\"wpcf7-form-control-wrap\" data-name=\"your-email\"><input size=\"40\" maxlength=\"400\" class=\"wpcf7-form-control wpcf7-email wpcf7-validates-as-required wpcf7-text wpcf7-validates-as-email form-control\" aria-required=\"true\" aria-invalid=\"false\" value=\"\" type=\"email\" name=\"your-email\" \/><\/span> <\/label>\n<\/p>\n<p><label> Se quiser poderia adiantar resumidamente seu problema?<br \/>\n<span class=\"wpcf7-form-control-wrap\" data-name=\"your-message\"><textarea cols=\"40\" rows=\"10\" maxlength=\"2000\" class=\"wpcf7-form-control wpcf7-textarea form-control\" aria-invalid=\"false\" name=\"your-message\"><\/textarea><\/span> <\/label>\n<\/p>\n<p><input class=\"wpcf7-form-control wpcf7-submit has-spinner btn btn-primary\" type=\"submit\" value=\"Enviar\" \/>\n<\/p><div class=\"wpcf7-response-output\" aria-hidden=\"true\"><\/div>\n<\/form>\n<\/div>\n\n<h3 id=\"caracteristicas\">Psicoterapia online: acessibilidade e conforto ao seu alcance<\/h3>\n<p>A psicoterapia online est\u00e1 regulamentada pelo Conselho Federal de Psicologia (CFP &#8211; <a href=\"https:\/\/atosoficiais.com.br\/lei\/orientacao-psicologica-pela-internet-cfp?origin=instituicao\">RESOLU\u00c7\u00c3O N\u00ba 9, DE 18 DE JULHO DE 2024<\/a>), garantindo a voc\u00ea um atendimento seguro e de qualidade.<\/p>\n<h3 id=\"internet\">Vantagens de fazer psicoterapia online com foco em relacionamentos amorosos<\/h3>\n<p>Optar por psicoterapia online oferece uma s\u00e9rie de benef\u00edcios. Imagine a conveni\u00eancia de poder receber suporte especializado no conforto da sua casa, sem precisar se deslocar at\u00e9 um consult\u00f3rio. A praticidade de acessar um psic\u00f3logo qualificado em relacionamentos amorosos, sem enfrentar tr\u00e2nsito ou precisar reorganizar sua agenda, \u00e9 uma das grandes vantagens desse formato. A terapia ou atendimento online permite que voc\u00ea se sinta mais \u00e0 vontade, j\u00e1 que est\u00e1 em um ambiente familiar e seguro, o que muitas vezes facilita a abertura emocional e a honestidade necess\u00e1rias para o processo psicoterap\u00eautico.<\/p>\n<p>Com o atendimento online, voc\u00ea pode discutir quest\u00f5es profundas e importantes da vida a dois, como ci\u00fame, infidelidade, baixa autoestima, dificuldades sexuais ou at\u00e9 mesmo ejacula\u00e7\u00e3o precoce, com um profissional altamente especializado. O Dr. Thiago de Almeida, acompanhar\u00e1 passo a passo o seu tratamento, oferecendo um tratamento focado em suas necessidades espec\u00edficas, garantindo total privacidade e seguran\u00e7a.<\/p>\n<h3 id=\"como_funciona\">A \u00e9tica no atendimento online<\/h3>\n<p>Toda a psicoterapia online segue rigorosamente o C\u00f3digo de \u00c9tica Profissional do Psic\u00f3logo, o que assegura que o sigilo de suas informa\u00e7\u00f5es \u00e9 tratado com a seriedade que voc\u00ea merece. Embora a internet n\u00e3o seja 100% livre de riscos em termos de seguran\u00e7a, medidas adicionais s\u00e3o adotadas para garantir que sua privacidade seja mantida. Al\u00e9m disso, voc\u00ea estar\u00e1 em contato com um profissional experiente, garantindo que seu processo seja conduzido de maneira \u00e9tica e cuidadosa.<\/p>\n<h3 id=\"privacidade\">Quem pode ser atendido?<\/h3>\n<p>A psicoterapia online est\u00e1 dispon\u00edvel para maiores de 18 anos. Caso voc\u00ea tenha adolescentes em casa, \u00e9 poss\u00edvel realizar o atendimento com autoriza\u00e7\u00e3o de um dos pais ou respons\u00e1vel. Esteja voc\u00ea em qualquer cidade, regi\u00e3o ou pa\u00eds, voc\u00ea poder\u00e1 usufruir de todos os benef\u00edcios de uma sess\u00e3o de psicoterapia sem sair de casa.<\/p>\n<h3 id=\"como_faco\">Como funciona o atendimento?<\/h3>\n<p>A psicoterapia online \u00e9 conduzida por plataformas de videochamada como Skype, Google Meeting, Zoom, Microsoft Teams, dependendo de sua prefer\u00eancia. Cada sess\u00e3o por meio desses aplicativos e plataformas, por exemplo, tem uma dura\u00e7\u00e3o de 50 minutos, e pode ser agendada previamente para que voc\u00ea e seu psic\u00f3logo estejam prontos para o atendimento. Estes aplicativos e plataformas permitem uma intera\u00e7\u00e3o direta e eficiente com o profissional e o cliente.<\/p>\n<h3 id=\"\">Seguran\u00e7a e privacidade<\/h3>\n<p>Sabemos que o sigilo \u00e9 uma das maiores preocupa\u00e7\u00f5es quando se trata de atendimento psicol\u00f3gico, e levamos isso muito a s\u00e9rio. Todas as informa\u00e7\u00f5es trocadas entre voc\u00ea e o psic\u00f3logo ser\u00e3o mantidas em total confidencialidade, conforme as normas do C\u00f3digo de \u00c9tica do Conselho Regional de Psicologia. Al\u00e9m disso, utilizamos recursos tecnol\u00f3gicos avan\u00e7ados, como criptografia e atualiza\u00e7\u00f5es constantes de seguran\u00e7a, para garantir que seus dados estejam sempre protegidos.<\/p>\n<p>Voc\u00ea tamb\u00e9m pode contribuir para a seguran\u00e7a de suas informa\u00e7\u00f5es tomando algumas medidas simples, como evitar o uso de computadores p\u00fablicos e n\u00e3o compartilhar suas senhas. Essas atitudes s\u00e3o essenciais para que a privacidade do seu processo terap\u00eautico seja preservada.<\/p>\n<h3>Como agendar sua sess\u00e3o?<\/h3>\n<p>Agendar sua psicoterapia online \u00e9 simples e pr\u00e1tico. Basta nos enviar uma mensagem para <a href=\"https:\/\/wa.me\/5516988727534\">(16)98872-7534 <\/a>tirando suas d\u00favidas e solicitando os dados para transfer\u00eancia e indicar os melhores dias e hor\u00e1rios para seu atendimento, sempre considerando o hor\u00e1rio de Bras\u00edlia. Feito isso, voc\u00ea poder\u00e1 dar in\u00edcio ao processo de agendamento e planejar suas sess\u00f5es de acordo com sua necessidade.<\/p>\n<h3>Quest\u00f5es tratadas na psicoterapia online<\/h3>\n<p>A psicoterapia online \u00e9 especialmente eficaz para tratar quest\u00f5es relacionadas a transi\u00e7\u00f5es de vida, ansiedade, autoestima, estresse, timidez, dificuldades sexuais, ci\u00fame, infidelidade, entre outros. Se voc\u00ea est\u00e1 enfrentando desafios em seu relacionamento amoroso ou dificuldades que impactam sua vida \u00edntima, nosso atendimento especializado pode ajudar. O Dr. Thiago de Almeida (vide curr\u00edculo: <a href=\"http:\/\/lattes.cnpq.br\/1289628584126736\">http:\/\/lattes.cnpq.br\/1289628584126736<\/a>) \u00e9 capacitado para guiar voc\u00ea na supera\u00e7\u00e3o de sentimentos como culpa, impulsividade e medos, ajudando voc\u00ea a fortalecer sua autoestima e melhorar suas rela\u00e7\u00f5es afetivas.<\/p>\n<h3>Acesso ao psic\u00f3logo no conforto da sua casa<\/h3>\n<p>A psicoterapia online oferece o ambiente perfeito para que voc\u00ea possa abrir seu cora\u00e7\u00e3o e tratar quest\u00f5es delicadas com o apoio do psic\u00f3logo Thiago de Almeida especializado no tratamento das dificuldades em relacionamentos amorosos. Problemas como ci\u00fame excessivo, dificuldades sexuais ou baixa autoestima podem ser enfrentados com efic\u00e1cia por meio de um atendimento que respeita seu tempo, seu espa\u00e7o e suas necessidades. Em um mundo cada vez mais digital, voc\u00ea n\u00e3o precisa mais adiar o cuidado com sua sa\u00fade emocional. A ajuda que voc\u00ea precisa est\u00e1 a um clique de dist\u00e2ncia, pronta para transformar seus relacionamentos e melhorar sua qualidade de vida.<\/p>\n<p>Quer agendar sua sess\u00e3o e iniciar o caminho para uma vida emocional mais saud\u00e1vel? Entre em contato e comece hoje mesmo a cuidar de voc\u00ea! Ligue j\u00e1 para a gente e agende uma primeira consulta <a href=\"https:\/\/wa.me\/5516988727534\">(16)98872-7534<\/a><\/p>\n","protected":false},"excerpt":{"rendered":"<p>Atendimento Psicoter\u00e1pico Online &#8211; Agende J\u00e1 a sua sess\u00e3o Psicoterapia online: acessibilidade e conforto ao seu alcance A psicoterapia online est\u00e1 regulamentada pelo Conselho Federal de Psicologia (CFP &#8211; RESOLU\u00c7\u00c3O N\u00ba 9, DE 18 DE JULHO DE 2024), garantindo a voc\u00ea um atendimento seguro e de qualidade. Vantagens de fazer psicoterapia online com foco em [&hellip;]<\/p>\n","protected":false},"author":1,"featured_media":0,"parent":0,"menu_order":0,"comment_status":"closed","ping_status":"closed","template":"","meta":{"footnotes":""},"class_list":["post-890","page","type-page","status-publish","hentry"],"_links":{"self":[{"href":"https:\/\/www.thiagodealmeida.com.br\/site\/wp-json\/wp\/v2\/pages\/890","targetHints":{"allow":["GET"]}}],"collection":[{"href":"https:\/\/www.thiagodealmeida.com.br\/site\/wp-json\/wp\/v2\/pages"}],"about":[{"href":"https:\/\/www.thiagodealmeida.com.br\/site\/wp-json\/wp\/v2\/types\/page"}],"author":[{"embeddable":true,"href":"https:\/\/www.thiagodealmeida.com.br\/site\/wp-json\/wp\/v2\/users\/1"}],"replies":[{"embeddable":true,"href":"https:\/\/www.thiagodealmeida.com.br\/site\/wp-json\/wp\/v2\/comments?post=890"}],"version-history":[{"count":11,"href":"https:\/\/www.thiagodealmeida.com.br\/site\/wp-json\/wp\/v2\/pages\/890\/revisions"}],"predecessor-version":[{"id":1980,"href":"https:\/\/www.thiagodealmeida.com.br\/site\/wp-json\/wp\/v2\/pages\/890\/revisions\/1980"}],"wp:attachment":[{"href":"https:\/\/www.thiagodealmeida.com.br\/site\/wp-json\/wp\/v2\/media?parent=890"}],"curies":[{"name":"wp","href":"https:\/\/api.w.org\/{rel}","templated":true}]}}