{"id":46,"date":"2017-01-28T09:34:11","date_gmt":"2017-01-28T11:34:11","guid":{"rendered":"http:\/\/www.thiagodealmeida.com.br\/site\/?page_id=46"},"modified":"2017-11-07T10:24:08","modified_gmt":"2017-11-07T12:24:08","slug":"palestras","status":"publish","type":"page","link":"https:\/\/www.thiagodealmeida.com.br\/site\/palestras\/","title":{"rendered":"Palestras"},"content":{"rendered":"<div class=\"chamada\">\n<div class=\"image\"><img loading=\"lazy\" decoding=\"async\" class=\"alignnone size-full wp-image-883\" src=\"http:\/\/www.thiagodealmeida.com.br\/site\/wp-content\/uploads\/palestra.jpg\" alt=\"\" width=\"252\" height=\"169\" \/><\/div>\n<div class=\"descri\">\n<h2>Palestras<\/h2>\n<p>_ O psic\u00f3logo Thiago de Almeida realiza palestras e treinamentos em universidades, escolas e empresas.<\/p>\n<p>_ Suas palestras j\u00e1 foram assistidas por milhares de pessoas em todo o Brasil.<\/p>\n<p><strong>Observa\u00e7\u00e3o: <\/strong>Para contratar uma palestra com o psic\u00f3logo Prof. Dr. Thiago de Almeida, por favor entre em <a href=\"http:\/\/www.thiagodealmeida.com.br\/site\/contato\/\">contato<\/a>.<\/p>\n<p><!--\n_ Para verificar os temas das pr&oacute;ximas palestras gratuitas acesse clique em <a href=\"agenda\">agenda<\/a>.\n--><\/p>\n<\/div>\n<\/div>\n<h3>Veja exemplos dos programas das palestras que podem ser contratadas:<\/h3>\n<ul>\n<li><a href=\"http:\/\/www.thiagodealmeida.com.br\/site\/wp-content\/uploads\/2017\/01\/palestra1.pdf\">Gest\u00e3o de processos, qualidade de vida e a import\u00e2ncia do amor no cotidiano das pessoas: a perspectiva acad\u00eamica e a laboral.<\/a><\/li>\n<li><a href=\"http:\/\/www.thiagodealmeida.com.br\/site\/wp-content\/uploads\/2017\/01\/palestra2.pdf\">A import\u00e2ncia da autoestima, da afetividade e da sexualidade para o ser humano<\/a>.<\/li>\n<li><a href=\"http:\/\/www.thiagodealmeida.com.br\/site\/wp-content\/uploads\/2017\/01\/palestra3.pdf\">Pais e filhos: necessariamente um relacionamento dif\u00edcil<\/a>?<\/li>\n<\/ul>\n<p>Para fazer download de algumas das apresenta\u00e7\u00f5es do psic\u00f3logo Thiago de Almeida, clique nos t\u00edtulos abaixo:<\/p>\n<h4>Apresenta\u00e7\u00f5es de slide para p\u00fablico em geral<\/h4>\n<ul>\n<li><a href=\"http:\/\/www.thiagodealmeida.com.br\/site\/wp-content\/uploads\/2017\/01\/Simposio-A_interpretacao_da_Analise_do_Comportamento.pptx\">Simp\u00f3sio &#8211; A interpreta\u00e7\u00e3o da An\u00e1lise do Comportamento para alguns eventos privados, mas observados nas rela\u00e7\u00f5es amorosas.<\/a><\/li>\n<li><a href=\"http:\/\/www.thiagodealmeida.com.br\/site\/wp-content\/uploads\/2017\/01\/Analise_do_comportamento_da_rotina.pptx\">An\u00e1lise do comportamento da rotina como um dos fatores associados \u00e0 vida de casado<\/a>.<\/li>\n<li><a href=\"http:\/\/www.slideshare.net\/Thiagodealmeida\/os-processos-de-apaixonamento-e-de-enamoramento-presentation\/\">Os processos de apaixonamento e de enamoramento.<\/a><\/li>\n<li><a href=\"http:\/\/www.slideshare.net\/Thiagodealmeida\/a-baixa-auto-estima-no-cotidiano\">A baixa autoestima no cotidiano.<\/a><\/li>\n<li><a href=\"http:\/\/www.slideshare.net\/Thiagodealmeida\/oficina-apaixonamento-e-enamoramento-somente-um-bom-incio-responsvel-pela-manuteno-da-unio\">Oficina: Apaixonamento e Enamoramento.<\/a><\/li>\n<li><a href=\"http:\/\/www.slideshare.net\/Thiagodealmeida\/as-relaes-de-amor-cime-e-inveja-no-ambiente-acadmico-e-laboral\">As rela\u00e7\u00f5es de amor, ci\u00fame e inveja o ambiente acad\u00eamico e laboral.<\/a><\/li>\n<li><a href=\"http:\/\/www.slideshare.net\/Thiagodealmeida\/amor-e-sade-suas-associaes-e-efeitos\">Amor e sa\u00fade: suas associa\u00e7\u00f5es e efeitos.<\/a><\/li>\n<li><a href=\"http:\/\/www.slideshare.net\/Thiagodealmeida\/palestra-fsica\">Autoestima a servi\u00e7o do bem comum.<\/a><\/li>\n<li><a href=\"http:\/\/www.slideshare.net\/Thiagodealmeida\/a-questo-do-conformismo-e-da-acomodao-para-os-relacionamentos-interpessoais\">Conformismo e acomoda\u00e7\u00e3o para os relacionamentos interpessoais.<\/a><\/li>\n<li><a href=\"http:\/\/www.slideshare.net\/Thiagodealmeida\/anlise-do-amor-e-da-sexualidade-no-entardecer-da-vida\">Amor e sexualidade ao entardecer da vida.<\/a><\/li>\n<li><a href=\"http:\/\/www.slideshare.net\/Thiagodealmeida\/gesto-de-processos-qualidade-de-vida-e\">Gest\u00e3o de processos, qualidade de vida e a import\u00e2ncia do amor na vida das pessoas.<\/a><\/li>\n<li><a href=\"http:\/\/www.slideshare.net\/Thiagodealmeida\/amor-e-sexualidade-na-contemporaneidade-a-perspectiva-homoertica-do-enamoramento-painel\">A perspectiva homoer\u00f3tica do enamoramento.<\/a><\/li>\n<\/ul>\n<h4>Apresenta\u00e7\u00f5es de slides acad\u00eamicos<\/h4>\n<ul>\n<li><a href=\"http:\/\/www.slideshare.net\/Thiagodealmeida\/consideraes-sobre-a-sexualidade-do-autista-com-a-presentation\">Considera\u00e7\u00f5es sobre a sexualidade do autista com a S\u00edndrome de Asperger.<\/a><\/li>\n<li><a href=\"http:\/\/www.slideshare.net\/Thiagodealmeida\/a-anlise-do-amor-sob-a-perspectiva-da-trplice-contingncia-skinneriana\">An\u00e1lise do Amor sob a perspectiva da conting\u00eancia skinneriana.<\/a><\/li>\n<li><a href=\"http:\/\/www.slideshare.net\/Thiagodealmeida\/psicologia-cognitivo-comportamental-aplicada-no-exerccio-da-odontologia\">Psicologia cognitivo comportamental aplicada no exerc\u00edcio da odontologia.<\/a><\/li>\n<li><a href=\"http:\/\/www.slideshare.net\/Thiagodealmeida\/anlise-do-comportamento-homofbico-enquanto-uma-prtica-coercitiva\">O percurso historiogr\u00e1fico do amor rom\u00e2ntico atrav\u00e9s das eras.<\/a><\/li>\n<li><a href=\"http:\/\/www.slideshare.net\/Thiagodealmeida\/anlise-do-comportamento-homofbico-enquanto-uma-prtica-coercitiva\">An\u00e1lise do comportamento homof\u00f3bico enquanto uma pr\u00e1tica coercitiva.<\/a><\/li>\n<\/ul>\n","protected":false},"excerpt":{"rendered":"<p>Palestras _ O psic\u00f3logo Thiago de Almeida realiza palestras e treinamentos em universidades, escolas e empresas. _ Suas palestras j\u00e1 foram assistidas por milhares de pessoas em todo o Brasil. Observa\u00e7\u00e3o: Para contratar uma palestra com o psic\u00f3logo Prof. Dr. Thiago de Almeida, por favor entre em contato. Veja exemplos dos programas das palestras que [&hellip;]<\/p>\n","protected":false},"author":1,"featured_media":0,"parent":0,"menu_order":0,"comment_status":"closed","ping_status":"closed","template":"","meta":{"footnotes":""},"class_list":["post-46","page","type-page","status-publish","hentry"],"_links":{"self":[{"href":"https:\/\/www.thiagodealmeida.com.br\/site\/wp-json\/wp\/v2\/pages\/46","targetHints":{"allow":["GET"]}}],"collection":[{"href":"https:\/\/www.thiagodealmeida.com.br\/site\/wp-json\/wp\/v2\/pages"}],"about":[{"href":"https:\/\/www.thiagodealmeida.com.br\/site\/wp-json\/wp\/v2\/types\/page"}],"author":[{"embeddable":true,"href":"https:\/\/www.thiagodealmeida.com.br\/site\/wp-json\/wp\/v2\/users\/1"}],"replies":[{"embeddable":true,"href":"https:\/\/www.thiagodealmeida.com.br\/site\/wp-json\/wp\/v2\/comments?post=46"}],"version-history":[{"count":10,"href":"https:\/\/www.thiagodealmeida.com.br\/site\/wp-json\/wp\/v2\/pages\/46\/revisions"}],"predecessor-version":[{"id":1100,"href":"https:\/\/www.thiagodealmeida.com.br\/site\/wp-json\/wp\/v2\/pages\/46\/revisions\/1100"}],"wp:attachment":[{"href":"https:\/\/www.thiagodealmeida.com.br\/site\/wp-json\/wp\/v2\/media?parent=46"}],"curies":[{"name":"wp","href":"https:\/\/api.w.org\/{rel}","templated":true}]}}