{"id":42,"date":"2017-01-28T09:30:22","date_gmt":"2017-01-28T11:30:22","guid":{"rendered":"http:\/\/www.thiagodealmeida.com.br\/site\/?page_id=42"},"modified":"2025-01-09T10:33:59","modified_gmt":"2025-01-09T13:33:59","slug":"curriculo","status":"publish","type":"page","link":"https:\/\/www.thiagodealmeida.com.br\/site\/curriculo\/","title":{"rendered":"Curr\u00edculo"},"content":{"rendered":"<div id=\"pl-42\" class=\"panel-layout\">\n<div id=\"pg-42-0\" class=\"panel-grid panel-no-style\">\n<div id=\"pgc-42-0-1\" class=\"panel-grid-cell\" data-weight=\"0.5\">\n<div id=\"panel-42-0-1-0\" class=\"so-panel widget widget_sow-editor panel-first-child panel-last-child\" data-index=\"1\" data-style=\"{&quot;background_display&quot;:&quot;tile&quot;}\">\n<div class=\"chamada\">\n<h2>Forma\u00e7\u00e3o<\/h2>\n<p style=\"float: left;\"><img loading=\"lazy\" decoding=\"async\" class=\"alignnone wp-image-1594 size-thumbnail\" src=\"https:\/\/www.thiagodealmeida.com.br\/site\/wp-content\/uploads\/ORCID-150x150.png\" alt=\"\" width=\"150\" height=\"150\" srcset=\"https:\/\/www.thiagodealmeida.com.br\/site\/wp-content\/uploads\/ORCID-150x150.png 150w, https:\/\/www.thiagodealmeida.com.br\/site\/wp-content\/uploads\/ORCID-300x300.png 300w, https:\/\/www.thiagodealmeida.com.br\/site\/wp-content\/uploads\/ORCID.png 500w\" sizes=\"auto, (max-width: 150px) 100vw, 150px\" \/><\/p>\n<p class=\"grey\">_Psic\u00f3logo pela Universidade de S\u00e3o Carlos (UFSCar);<\/p>\n<p class=\"grey\">_Registro do Conselho Regional de Psicologia: CRP 06\/75185;<\/p>\n<p class=\"grey\">_Mestre pelo Departamento de Psicologia Experimental do Instituto de Psicologia da Universidade de S\u00e3o Paulo (USP);<\/p>\n<p class=\"grey\">_Doutor pelo Departamento de Psicologia da Aprendizagem do Desenvolvimento da Personalidade do Instituto de Psicologia da Universidade de S\u00e3o Paulo (USP);<\/p>\n<p>_P\u00f3s-doutor pela Escola de Artes, Ci\u00eancias e Humanidades da Universidade de S\u00e3o Paulo (USP) em Gerontologia;<\/p>\n<p>_P\u00f3s-doutor pela Pontif\u00edcia Universidade Cat\u00f3lica (PUC &#8211; Goi\u00e1s) em Ci\u00eancias da religi\u00e3o;<\/p>\n<p>_Com especializa\u00e7\u00f5es em: \u201cPsicologia e Sa\u00fade Mental\u201d; \u201cNeuropsicopedagogia Cl\u00ednica e Institucional\u201d; \u201cPsicopedagogia Cl\u00ednica e Institucional\u201d; \u201cEduca\u00e7\u00e3o de Jovens e Adultos\u201d e aperfei\u00e7oamento em: \u201cPsicologia, Educa\u00e7\u00e3o e Desenvolvimento\u201d pela Faculdade Metropolitana do Estado de S\u00e3o Paulo (FAMEESP)<\/p>\n<p class=\"grey\">_Consultor de canais de televis\u00e3o, r\u00e1dio e jornais para os temas: amor; relacionamentos amorosos; dificuldades em relacionamentos amorosos; ci\u00fame, timidez, problemas de relacionamento entre parceiros, sexualidade e dificuldades sexuais para as pessoas e entre os parceiros dela.<\/p>\n<\/div>\n<\/div>\n<\/div>\n<\/div>\n<div id=\"pg-42-1\" class=\"panel-grid panel-no-style\">\n<div id=\"pgc-42-1-0\" class=\"panel-grid-cell\" data-weight=\"1\">\n<div id=\"panel-42-1-0-0\" class=\"so-panel widget widget_sow-editor panel-first-child panel-last-child\" data-index=\"2\" data-style=\"{&quot;background_display&quot;:&quot;tile&quot;}\">\n<div class=\"so-widget-sow-editor so-widget-sow-editor-base\">\n<div class=\"siteorigin-widget-tinymce textwidget\">\n<h3>\u00c1reas de atua\u00e7\u00e3o<\/h3>\n<ul>\n<li>Atendimento cl\u00ednico especializado em dificuldades dos relacionamentos amorosos.<\/li>\n<li>Consultor e palestrante na \u00e1rea de qualidade de vida (import\u00e2ncia do amor no cotidiano, o manejo do relacionamento interpessoal e gest\u00e3o de pessoas para grandes empresas e universidades por meio da abordagem cognitivo-comportamental de car\u00e1ter breve).<\/li>\n<\/ul>\n<p><a href=\"http:\/\/lattes.cnpq.br\/1289628584126736\">Clique aqui para ter acesso ao curr\u00edculo completo do psic\u00f3logo e pesquisador Thiago de Almeida.<\/a><\/p>\n<p><a href=\"https:\/\/orcid.org\/0000-0003-4988-9317\">https:\/\/orcid.org\/0000-0003-4988-9317<\/a><\/p>\n<p><a href=\"https:\/\/scholar.google.com.br\/citations?user=qXPWRYEAAAAJ&amp;hl=pt-BR\">Google Scholar<\/a><\/p>\n<p><a href=\"https:\/\/loop.frontiersin.org\/people\/887735\/overview\">Loop<\/a><\/p>\n<p><a href=\"https:\/\/www.mendeley.com\/profiles\/thiago-de-almeida1\/\">Mendeley<\/a><\/p>\n<\/div>\n<\/div>\n<\/div>\n<\/div>\n<\/div>\n<div id=\"pg-42-2\" class=\"panel-grid panel-no-style\">\n<div id=\"pgc-42-2-0\" class=\"panel-grid-cell\" data-weight=\"0.33333333333333\">\n<div id=\"panel-42-2-0-0\" class=\"so-panel widget widget_sow-editor panel-first-child panel-last-child\" data-index=\"3\" data-style=\"{&quot;background_image_attachment&quot;:false,&quot;background_display&quot;:&quot;tile&quot;}\">\n<div class=\"so-widget-sow-editor so-widget-sow-editor-base\">\n<div class=\"siteorigin-widget-tinymce textwidget\">\n<p><a href=\"http:\/\/www.researcherid.com\/rid\/B-2725-2010\"><span id=\"badgeCont587379\" style=\"width: 126px;\"><script src=\"http:\/\/labs.researcherid.com\/mashlets?el=badgeCont587379&amp;mashlet=badge&amp;showTitle=false&amp;className=a&amp;rid=B-2725-2010\"><\/script><\/span><\/a><\/p>\n<\/div>\n<\/div>\n<\/div>\n<\/div>\n<div id=\"pgc-42-2-1\" class=\"panel-grid-cell\" data-weight=\"0.33333333333333\">\n<div id=\"panel-42-2-1-0\" class=\"so-panel widget widget_sow-editor panel-first-child panel-last-child\" data-index=\"4\" data-style=\"{&quot;background_display&quot;:&quot;tile&quot;}\">\n<div class=\"so-widget-sow-editor so-widget-sow-editor-base\"><\/div>\n<\/div>\n<\/div>\n<div id=\"pgc-42-2-2\" class=\"panel-grid-cell\" data-weight=\"0.33333333333333\">\n<div id=\"panel-42-2-2-0\" class=\"so-panel widget widget_sow-image panel-first-child panel-last-child\" data-index=\"5\" data-style=\"{&quot;background_display&quot;:&quot;tile&quot;}\"><\/div>\n<\/div>\n<\/div>\n<\/div>\n","protected":false},"excerpt":{"rendered":"<p>Forma\u00e7\u00e3o _Psic\u00f3logo pela Universidade de S\u00e3o Carlos (UFSCar); _Registro do Conselho Regional de Psicologia: CRP 06\/75185; _Mestre pelo Departamento de Psicologia Experimental do Instituto de Psicologia da Universidade de S\u00e3o Paulo (USP); _Doutor pelo Departamento de Psicologia da Aprendizagem do Desenvolvimento da Personalidade do Instituto de Psicologia da Universidade de S\u00e3o Paulo (USP); _P\u00f3s-doutor pela [&hellip;]<\/p>\n","protected":false},"author":1,"featured_media":0,"parent":0,"menu_order":0,"comment_status":"closed","ping_status":"closed","template":"","meta":{"footnotes":""},"class_list":["post-42","page","type-page","status-publish","hentry"],"_links":{"self":[{"href":"https:\/\/www.thiagodealmeida.com.br\/site\/wp-json\/wp\/v2\/pages\/42","targetHints":{"allow":["GET"]}}],"collection":[{"href":"https:\/\/www.thiagodealmeida.com.br\/site\/wp-json\/wp\/v2\/pages"}],"about":[{"href":"https:\/\/www.thiagodealmeida.com.br\/site\/wp-json\/wp\/v2\/types\/page"}],"author":[{"embeddable":true,"href":"https:\/\/www.thiagodealmeida.com.br\/site\/wp-json\/wp\/v2\/users\/1"}],"replies":[{"embeddable":true,"href":"https:\/\/www.thiagodealmeida.com.br\/site\/wp-json\/wp\/v2\/comments?post=42"}],"version-history":[{"count":29,"href":"https:\/\/www.thiagodealmeida.com.br\/site\/wp-json\/wp\/v2\/pages\/42\/revisions"}],"predecessor-version":[{"id":1983,"href":"https:\/\/www.thiagodealmeida.com.br\/site\/wp-json\/wp\/v2\/pages\/42\/revisions\/1983"}],"wp:attachment":[{"href":"https:\/\/www.thiagodealmeida.com.br\/site\/wp-json\/wp\/v2\/media?parent=42"}],"curies":[{"name":"wp","href":"https:\/\/api.w.org\/{rel}","templated":true}]}}