{"id":39,"date":"2017-01-28T09:28:12","date_gmt":"2017-01-28T11:28:12","guid":{"rendered":"http:\/\/www.thiagodealmeida.com.br\/site\/?page_id=39"},"modified":"2025-11-18T15:37:58","modified_gmt":"2025-11-18T18:37:58","slug":"consultorios","status":"publish","type":"page","link":"https:\/\/www.thiagodealmeida.com.br\/site\/","title":{"rendered":"Consult\u00f3rio"},"content":{"rendered":"<div class=\"chamada\">\n<div class=\"image\"><img loading=\"lazy\" decoding=\"async\" class=\"alignnone wp-image-518 size-full\" src=\"https:\/\/www.thiagodealmeida.com.br\/site\/wp-content\/uploads\/testes.jpg\" alt=\"\" width=\"252\" height=\"169\" \/><\/div>\n<div class=\"descri\">\n<h2>Consult\u00f3rio<\/h2>\n<p>_ em S\u00e3o Carlos.<br \/>\nRua Dom Pedro II, 2066. Vila Costa do Sol. CEP: 13560-320 S\u00e3o Carlos, SP<br \/>\nTelefones para contato: <a href=\"https:\/\/wa.me\/5516988727534\">(16)98872-7534<\/a>, (16) 3374-7534 ou (16) 3376-1129.<br \/>\nHor\u00e1rio de expediente das secret\u00e1rias para o agendamento de consultas:\u00a0 De segunda \u00e0 sexta das 8h \u00e0s 20h. Aos s\u00e1bados das 9 at\u00e9 \u00e0s 12h.<br \/>\n<strong>Observa\u00e7\u00e3o:<\/strong>\u00a0Atendimento \u00e0s\u00a0 quintas e sextas-feiras, das 8h at\u00e9 \u00e0s 21h.<br \/>\n<strong><span style=\"color: #ff0000;\">Observa\u00e7\u00e3o 2:\u00a0 O Dr. Thiago de Almeida n\u00e3o aceita\/ atende por nenhum conv\u00eanio de sa\u00fade.<\/span><\/strong><\/p>\n<p><a href=\"http:\/\/www.thiagodealmeida.com.br\/site\/orientacao-psicologica-online\/\"><strong>Atendimento online<\/strong><\/a><\/p>\n<\/div>\n<\/div>\n<p><a name=\"top\"><\/a>Os atendimentos do psic\u00f3logo Thiago de Almeida, especializado em relacionamentos amorosos, privilegiam os seguintes casos:<\/p>\n<ul>\n<li>Pessoas com problemas de <a href=\"http:\/\/www.thiagodealmeida.com.br\/site\/wp-content\/uploads\/2017\/01\/autoestima.pdf\">autoestima<\/a>;<\/li>\n<li><a href=\"http:\/\/www.thiagodealmeida.com.br\/site\/wp-content\/uploads\/2017\/01\/Compulsao_sexual_e_sexo_compulsivo.pdf\">Orienta\u00e7\u00e3o e tratamento para dificuldades relacionadas \u00e0 compuls\u00e3o sexual e compuls\u00e3o sexual virtual (sexo virtual)<\/a><\/li>\n<li>Quadros depressivos associados a relacionamentos amorosos (por exemplo, como se desapegar de um amor que rima com dor);<\/li>\n<li>Tratamento para casos diagnosticados com a <a href=\"http:\/\/www.psicopedagogia.com.br\/artigos\/artigo.asp?entrID=954\" target=\"_blank\" rel=\"noopener noreferrer\">S\u00edndrome do Cora\u00e7\u00e3o partido<\/a>;<\/li>\n<li>Atendimento psicoter\u00e1pico a v\u00edtimas de <a href=\"http:\/\/www.brasilmedicina.com.br\/noticias\/pgnoticias_det.asp?Codigo=1763\" target=\"_blank\" rel=\"noopener noreferrer\">viol\u00eancia dom\u00e9stica<\/a>;<\/li>\n<li>Tratamento de <a href=\"http:\/\/www.thiagodealmeida.com.br\/site\/wp-content\/uploads\/2017\/01\/Ejaculacao_precoce.pdf\">ejacula\u00e7\u00e3o precoce ou ejacula\u00e7\u00e3o r\u00e1pida<\/a>;<\/li>\n<li>Tratamento de <a href=\"http:\/\/www.thiagodealmeida.com.br\/site\/wp-content\/uploads\/2017\/01\/Vaginismo.pdf\">vaginismo<\/a>;<\/li>\n<li>Tratamento de <a href=\"http:\/\/www.thiagodealmeida.com.br\/site\/wp-content\/uploads\/2017\/01\/Anorgasmia_feminina.pdf\">anorgasmia<\/a>, <a href=\"http:\/\/www.thiagodealmeida.com.br\/site\/wp-content\/uploads\/2017\/01\/Falta_de_desejo.pdf\">frigidez e de falta de desejo com o parceiro<\/a>;<\/li>\n<li>Tratamentos para homens e para mulheres que &#8220;amam demais&#8221;;<\/li>\n<li>Problemas relacionados com a quest\u00e3o da <a href=\"http:\/\/www.thiagodealmeida.com.br\/site\/wp-content\/uploads\/2017\/01\/Ansiedade_de_desempenho.pdf\">ansiedade<\/a>;<\/li>\n<li>Pessoas com problemas de <a href=\"http:\/\/www.brasilmedicina.com\/noticias\/pgnoticias_det.asp?Codigo=1391\">timidez<\/a> e de inibi\u00e7\u00e3o em relacionamentos amorosos (como perder a timidez);<\/li>\n<li>Pessoas com problemas de timidez e de inibi\u00e7\u00e3o em relacionamentos de trabalho (como tratar este tipo de inibi\u00e7\u00e3o);<\/li>\n<li><a href=\"#psicoterapia_de_casal\">Psicoterapia de casal<\/a>;<\/li>\n<li><a href=\"#psicoterapia_de_familia\">Psicoterapia de fam\u00edlia<\/a> (problemas de relacionamento familiar);<\/li>\n<li>Problemas decorrentes do ci\u00fame (como controlar o ci\u00fame);<\/li>\n<li>Ci\u00fame patol\u00f3gico (<a href=\"http:\/\/www.brasilmedicina.com\/noticias\/pgnoticias_det.asp?Codigo=1443\" target=\"_blank\" rel=\"noopener noreferrer\">S\u00edndrome de Otelo<\/a>, ou ci\u00fame, ou doentio), tratamento para v\u00edtimas e parceiros(as) ciumentos;<\/li>\n<li>Problemas de obesidade relacionados \u00e0 problemas emocionais e ao comer compulsivo (t\u00e9cnicas de regula\u00e7\u00e3o alimentar e de emagrecimento decorrentes do dom\u00ednio do comportamento alimentar);<\/li>\n<li>Problemas decorrentes da infidelidade amorosa;<\/li>\n<li><a href=\"http:\/\/www.brasilmedicina.com.br\/noticias\/pgnoticias_det.asp?Codigo=1606\" target=\"_blank\" rel=\"noopener noreferrer\">Amor patol\u00f3gico e paix\u00e3o patol\u00f3gica<\/a>;<\/li>\n<li><a href=\"#transtorno_dismorfico_corporal\">Transtorno Dism\u00f3rfico corporal<\/a>;<\/li>\n<li>Conflitos com a pr\u00f3pria <a href=\"http:\/\/www.slideshare.net\/Thiagodealmeida\/amor-e-sexualidade-na-contemporaneidade-a-perspectiva-homoertica-do-enamoramento-painel\" target=\"_blank\" rel=\"noopener noreferrer\">sexualidade<\/a> (relacionamentos heterossexuais, bissexuais e <a href=\"http:\/\/www.slideshare.net\/Thiagodealmeida\/anlise-do-comportamento-homofbico-enquanto-uma-prtica-coercitiva\" target=\"_blank\" rel=\"noopener noreferrer\">homossexuais<\/a>);<\/li>\n<li><a href=\"http:\/\/www.brasilmedicina.com.br\/noticias\/pgnoticias_det.asp?Codigo=1606\" target=\"_blank\" rel=\"noopener noreferrer\">T\u00e9cnicas de desapaixonamento<\/a> (como esquecer um amor que rima com dor);<\/li>\n<li>Problemas com amizades e manejo com <a href=\"http:\/\/www.slideshare.net\/Thiagodealmeida\/as-relaes-de-amor-cime-e-inveja-no-ambiente-acadmico-e-laboral\" target=\"_blank\" rel=\"noopener noreferrer\">amizades problem\u00e1ticas<\/a>;<\/li>\n<li>Problemas com a obesidade (t\u00e9cnicas de emagrecimento sem sofrimento);<\/li>\n<li>Supervis\u00e3o para estudantes de psicologia e para psic\u00f3logos, sob a perspectiva cognitivo-comportamental;<\/li>\n<li>Outros problemas decorrentes do relacionamento amoroso;<\/li>\n<li>Tratamento de <a href=\"#parafilias\">Parafilias<\/a> (Exibicionismo, Fetichismo, Frotteurismo, Masoquismo, Sadismo, Fetichismo trav\u00e9stico, Voyeurismo);<\/li>\n<li><a href=\"#vigorexia\">Vigorexia ou S\u00edndrome de Ad\u00f4nis<\/a>;<\/li>\n<\/ul>\n<h4>Observa\u00e7\u00e3o<\/h4>\n<p class=\"grey\"><strong>O psic\u00f3logo Thiago de Almeida N\u00c3O realiza atendimentos por conv\u00eanio.<\/strong><\/p>\n<h3>Gloss\u00e1rio<\/h3>\n<p><strong><a name=\"parafilias\"><\/a>Parafilias<\/strong> &#8211; As Parafilias s\u00e3o caracterizadas por anseios, fantasias ou comportamentos sexuais recorrentes e intensos que envolvem objetos, atividades ou situa\u00e7\u00f5es incomuns e causam sofrimento clinicamente significativo ou preju\u00edzo no funcionamento social ou ocupacional ou em outras \u00e1reas importantes da vida do indiv\u00edduo.<\/p>\n<p>Cabe notar que as no\u00e7\u00f5es de desvio, padr\u00f5es de desempenho sexual e conceitos de papel apropriado para o g\u00eanero podem variar entre as culturas.<\/p>\n<p><a href=\"#top\">Voltar<\/a><\/p>\n<p><strong><a name=\"psicoterapia_de_casal\"><\/a>Psicoterapia de casal<\/strong> &#8211; A Psicoterapia de Casal \u00e9 indicada quando o casal est\u00e1 enfrentando problemas em sua rela\u00e7\u00e3o afetiva\/emocional ou dificuldades de ordem sexual. Normalmente os membros do casal s\u00e3o atendidos juntos, sendo enfatizados na psicoterapia os aspectos relacionais e\/ou sexuais.<\/p>\n<p><a href=\"#top\">Voltar<\/a><\/p>\n<p><strong><a name=\"psicoterapia_de_familia\"><\/a>Psicoterapia de fam\u00edlia<\/strong> &#8211; A Psicoterapia de Fam\u00edlia deve acontecer sempre que seus membros estiverem enfrentando dificuldades na forma como se relacionam. Estas dificuldades podem ser de natureza diversa, tais como: problemas com um filho adolescente que est\u00e1 usando drogas ou envolvido em atos infracionais, um dos filhos est\u00e1 apresentando problemas de comportamento na escola, a fam\u00edlia est\u00e1 enfrentando dificuldades na forma de educar seus filhos (os pais apresentam comportamentos educativos muito violentos, como surras que deixam marcas no corpo da crian\u00e7a).<\/p>\n<p>Outra indica\u00e7\u00e3o para Psicoterapia de Fam\u00edlia pode ser quando houve uma perda brusca e violenta de algum de seus membros, ou ainda a fam\u00edlia est\u00e1 em fase de separa\u00e7\u00e3o e div\u00f3rcio. Tamb\u00e9m pode ser indicada a terapia de fam\u00edlia quando algum dos seus membros sofre de transtornos mentais e a fam\u00edlia precisa encontrar formas de lidar com esta pessoa.<\/p>\n<p>Finalmente, a fam\u00edlia pode fazer uma terapia conjunta porque deseja melhorar sua forma de se relacionar, conhecer melhor as rea\u00e7\u00f5es de cada um dos seus membros, ou simplesmente se integrar melhor.<\/p>\n<p><a href=\"#top\">Voltar<\/a><\/p>\n<p><strong><a name=\"transtorno_dismorfico_corporal\"><\/a>Transtorno Dism\u00f3rfico corporal<\/strong> &#8211; No Transtorno Dism\u00f3rfico Dorporal: a pessoa identifica um &#8220;defeito&#8221; f\u00edsico em alguma parte do rosto ou do corpo, n\u00e3o observ\u00e1vel por outras pessoas ou mesmo por especialistas. Tamb\u00e9m aqui s\u00e3o evitadas situa\u00e7\u00f5es onde o &#8220;defeito&#8221; seja observ\u00e1vel. \u00c9 como se fosse uma &#8220;fei\u00fara&#8221; que s\u00f3 a pessoa constatasse, mas que a faz agir de acordo com a avalia\u00e7\u00e3o que ela faz do defeito, fugindo da conviv\u00eancia social.<\/p>\n<p>As tentativas de corre\u00e7\u00e3o s\u00e3o sempre f\u00edsicas, ocorrendo em cl\u00ednicas est\u00e9ticas, dermatol\u00f3gicas ou em cirurgi\u00f5es pl\u00e1sticos, habitualmente seguidas de grande insatisfa\u00e7\u00e3o, pois o &#8220;problema&#8221; nunca \u00e9 corrigido.<\/p>\n<p><a href=\"#top\">Voltar<\/a><\/p>\n<p><strong><a name=\"vigorexia\"><\/a>Vigorexia<\/strong> &#8211; Vigorexia ou S\u00edndrome de Ad\u00f4nis, em ingl\u00eas conhecida por overtraining segundo alguns escritores, \u00e9 a compuls\u00e3o por pr\u00e1ticas de exec\u00edcios de forma continuada, em grande volume e sem respeito aos intervalos necess\u00e1rios \u00e0 recupera\u00e7\u00e3o do organismo, normalmente esse comortamento provoca elevados n\u00edveis de cortisol, entre outros horm\u00f4niso catab\u00f3licos que literalmente atacam a musculatura provocando perda de massa magra, especificamente muscular, ansiedade, ins\u00f4nia, agressividade, queda signficativa de resist\u00eancia imunol\u00f3gica e les\u00f5es articulares.<\/p>\n<p>Normalmente o ind\u00edviduo recusa-se a aceitar orienta\u00e7\u00e3o dos profissionais. Modifica o treinamento aumentando o volume e a intensidade do treinamento por conta pr\u00f3pria.<\/p>\n<p><a href=\"#top\">Voltar<\/a><\/p>\n<p><img loading=\"lazy\" decoding=\"async\" class=\"alignnone wp-image-84 size-full\" src=\"http:\/\/www.thiagodealmeida.com.br\/site\/wp-content\/uploads\/2017\/01\/consultorio_2.jpg\" sizes=\"auto, (max-width: 620px) 100vw, 620px\" srcset=\"http:\/\/www.thiagodealmeida.com.br\/site\/wp-content\/uploads\/2017\/01\/consultorio_2.jpg 620w, http:\/\/www.thiagodealmeida.com.br\/site\/wp-content\/uploads\/2017\/01\/consultorio_2-300x117.jpg 300w\" width=\"620\" height=\"241\" \/><\/p>\n","protected":false},"excerpt":{"rendered":"<p>Consult\u00f3rio _ em S\u00e3o Carlos. Rua Dom Pedro II, 2066. Vila Costa do Sol. CEP: 13560-320 S\u00e3o Carlos, SP Telefones para contato: (16)98872-7534, (16) 3374-7534 ou (16) 3376-1129. Hor\u00e1rio de expediente das secret\u00e1rias para o agendamento de consultas:\u00a0 De segunda \u00e0 sexta das 8h \u00e0s 20h. Aos s\u00e1bados das 9 at\u00e9 \u00e0s 12h. Observa\u00e7\u00e3o:\u00a0Atendimento \u00e0s\u00a0 [&hellip;]<\/p>\n","protected":false},"author":1,"featured_media":0,"parent":0,"menu_order":0,"comment_status":"closed","ping_status":"closed","template":"","meta":{"footnotes":""},"class_list":["post-39","page","type-page","status-publish","hentry"],"_links":{"self":[{"href":"https:\/\/www.thiagodealmeida.com.br\/site\/wp-json\/wp\/v2\/pages\/39","targetHints":{"allow":["GET"]}}],"collection":[{"href":"https:\/\/www.thiagodealmeida.com.br\/site\/wp-json\/wp\/v2\/pages"}],"about":[{"href":"https:\/\/www.thiagodealmeida.com.br\/site\/wp-json\/wp\/v2\/types\/page"}],"author":[{"embeddable":true,"href":"https:\/\/www.thiagodealmeida.com.br\/site\/wp-json\/wp\/v2\/users\/1"}],"replies":[{"embeddable":true,"href":"https:\/\/www.thiagodealmeida.com.br\/site\/wp-json\/wp\/v2\/comments?post=39"}],"version-history":[{"count":19,"href":"https:\/\/www.thiagodealmeida.com.br\/site\/wp-json\/wp\/v2\/pages\/39\/revisions"}],"predecessor-version":[{"id":2001,"href":"https:\/\/www.thiagodealmeida.com.br\/site\/wp-json\/wp\/v2\/pages\/39\/revisions\/2001"}],"wp:attachment":[{"href":"https:\/\/www.thiagodealmeida.com.br\/site\/wp-json\/wp\/v2\/media?parent=39"}],"curies":[{"name":"wp","href":"https:\/\/api.w.org\/{rel}","templated":true}]}}